{"id":1283,"date":"2018-09-05T20:15:31","date_gmt":"2018-09-05T18:15:31","guid":{"rendered":"https:\/\/staging.bittner-patent.eu\/datenschutz\/"},"modified":"2019-06-09T16:28:00","modified_gmt":"2019-06-09T14:28:00","slug":"datenschutz","status":"publish","type":"page","link":"https:\/\/bittner-patent.eu\/en\/datenschutz\/","title":{"rendered":"Privacy protection"},"content":{"rendered":"\t\t<div data-elementor-type=\"wp-post\" data-elementor-id=\"1283\" class=\"elementor elementor-1283 elementor-68\">\n\t\t\t\t\t\t<section class=\"elementor-section elementor-top-section elementor-element elementor-element-29c10961 elementor-section-full_width elementor-section-content-middle elementor-section-height-default elementor-section-height-default elementor-invisible\" data-id=\"29c10961\" data-element_type=\"section\" data-e-type=\"section\" data-settings=\"{&quot;background_background&quot;:&quot;classic&quot;,&quot;animation&quot;:&quot;fadeInDown&quot;}\">\n\t\t\t\t\t\t<div class=\"elementor-container elementor-column-gap-default\">\n\t\t\t\t\t<div class=\"elementor-column elementor-col-100 elementor-top-column elementor-element elementor-element-7a2fba37\" data-id=\"7a2fba37\" data-element_type=\"column\" data-e-type=\"column\">\n\t\t\t<div class=\"elementor-widget-wrap elementor-element-populated\">\n\t\t\t\t\t\t<div class=\"elementor-element elementor-element-7a67c500 elementor-widget elementor-widget-heading\" data-id=\"7a67c500\" data-element_type=\"widget\" data-e-type=\"widget\" data-widget_type=\"heading.default\">\n\t\t\t\t<div class=\"elementor-widget-container\">\n\t\t\t\t\t<h2 class=\"elementor-heading-title elementor-size-default\">Datenschutzerkl\u00e4rung<\/h2>\t\t\t\t<\/div>\n\t\t\t\t<\/div>\n\t\t\t\t\t<\/div>\n\t\t<\/div>\n\t\t\t\t\t<\/div>\n\t\t<\/section>\n\t\t\t\t<section class=\"elementor-section elementor-top-section elementor-element elementor-element-9740658 elementor-section-boxed elementor-section-height-default elementor-section-height-default\" data-id=\"9740658\" data-element_type=\"section\" data-e-type=\"section\">\n\t\t\t\t\t\t<div class=\"elementor-container elementor-column-gap-default\">\n\t\t\t\t\t<div class=\"elementor-column elementor-col-100 elementor-top-column elementor-element elementor-element-906f369\" data-id=\"906f369\" data-element_type=\"column\" data-e-type=\"column\">\n\t\t\t<div class=\"elementor-widget-wrap elementor-element-populated\">\n\t\t\t\t\t\t<div class=\"elementor-element elementor-element-0fe5201 elementor-widget elementor-widget-text-editor\" data-id=\"0fe5201\" data-element_type=\"widget\" data-e-type=\"widget\" data-widget_type=\"text-editor.default\">\n\t\t\t\t<div class=\"elementor-widget-container\">\n\t\t\t\t\t\t\t\t\t<p><strong>1. Verantwortlichkeit<\/strong><\/p>\n<p style=\"padding-left: 40px;\">Diese Datenschutz-Information gilt f\u00fcr die Datenverarbeitung durch folgenden Verantwortlichen:<\/p>\n<p style=\"padding-left: 40px;\">Peter Bittner and Partner, European Patent Attorneys<\/p>\n<p style=\"padding-left: 40px;\">Seegarten 24<\/p>\n<p style=\"padding-left: 40px;\">69190 Walldorf, Germany<\/p>\n<p style=\"padding-left: 40px;\">Deutschland<\/p>\n<p style=\"padding-left: 40px;\">Email: i&#110;&#102;&#x6f;&#x40;&#x62;i&#116;&#116;&#x6e;&#x65;&#x72;-p&#97;&#x74;&#x65;&#x6e;t&#46;&#101;&#117;<\/p>\n<p style=\"padding-left: 40px;\">Telefon: 06227-3983903<\/p>\n<p><strong>2. Erhebung und Speicherung personenbezogener Daten sowie Art und Zweck von deren Verwendung<\/strong><\/p>\n<p style=\"padding-left: 40px;\">Beim Besuch der Website Beim Aufrufen unserer Website www.bittner-patent.eu werden durch den auf Ihrem Endger\u00e4t zum Einsatz kommenden Browser automatisch Informationen an den Server unserer Website gesendet. Diese Informationen werden tempor\u00e4r in einem sog. Logfile gespeichert. Folgende Informationen werden dabei ohne Ihr Zutun erfasst und bis zur automatisierten L\u00f6schung gem\u00e4\u00df g\u00e4ngiger Praxis nach 6 Monaten gespeichert:<\/p>\n<p style=\"padding-left: 40px;\">&#8211; IP-Adresse des anfragenden Rechners,<\/p>\n<p style=\"padding-left: 40px;\">&#8211; Datum und Uhrzeit des Zugriffs,<\/p>\n<p style=\"padding-left: 40px;\">&#8211; Name und URL der abgerufenen Datei,<\/p>\n<p style=\"padding-left: 40px;\">&#8211; Website, von der aus der Zugriff erfolgt (Referrer-URL),<\/p>\n<p style=\"padding-left: 40px;\">&#8211; verwendeter Browser und ggf. das Betriebssystem Ihres Rechners sowie der Name Ihres Access-Providers.<\/p>\n<p style=\"padding-left: 40px;\">Die genannten Daten werden durch uns zu folgenden Zwecken verarbeitet:<\/p>\n<p style=\"padding-left: 40px;\">&#8211; Gew\u00e4hrleistung eines reibungslosen Verbindungsaufbaus der Website,<\/p>\n<p style=\"padding-left: 40px;\">&#8211; Auswertung der Systemsicherheit und -stabilit\u00e4t<\/p>\n<p style=\"padding-left: 40px;\">Die Rechtsgrundlage f\u00fcr die Datenverarbeitung ist Art. 6 Abs. 1 S. 1 lit. f DSGVO. Unser berechtigtes Interesse folgt aus oben aufgelisteten Zwecken zur Datenerhebung. In keinem Fall verwenden wir die erhobenen Daten zu dem Zweck, R\u00fcckschl\u00fcsse auf Ihre Person zu ziehen.<\/p>\n<p style=\"padding-left: 40px;\">Dar\u00fcber hinaus setzen wir beim Besuch unserer Website Cookies ein. N\u00e4here Erl\u00e4uterungen dazu erhalten Sie unter den Ziff. 3 dieser Datenschutzerkl\u00e4rung.<\/p>\n<p><strong>3. Cookies<\/strong><\/p>\n<p style=\"padding-left: 40px;\">Wir setzen auf unserer Seite Cookies ein. Hierbei handelt es sich um kleine Dateien, die Ihr Browser automatisch erstellt und die auf Ihrem Endger\u00e4t (Laptop, Tablet, Smartphone o.\u00e4.) gespeichert werden, wenn Sie unsere Seite besuchen. Cookies richten auf Ihrem Endger\u00e4t keinen Schaden an, enthalten keine Viren, Trojaner oder sonstige Schadsoftware. In dem Cookie werden Informationen abgelegt, die sich jeweils im Zusammenhang mit dem spezifisch eingesetzten Endger\u00e4t ergeben. Dies bedeutet jedoch nicht, dass wir dadurch unmittelbar Kenntnis von Ihrer Identit\u00e4t erhalten.<\/p>\n<p style=\"padding-left: 40px;\">Wir setzen ausschlie\u00dflich Session-Cookies ein, um zu erkennen, dass Sie einzelne Seiten unserer Website bereits besucht haben sowie um die Inhalte in Ihrer vorher ggf. manuell ausgew\u00e4hlten Sprache darstellen zu k\u00f6nnen. Diese Session-Cookies werden nach Verlassen unserer Seite automatisch gel\u00f6scht.<\/p>\n<p style=\"padding-left: 40px;\">Das Setzen der Cookies erfolgt zur Wahrung unserer berechtigten Interessen im Sinne des Art. 6 Abs. 1 lit. f DSGVO, wobei sich das berechtigte Interesse aus dem genannten Zweck ergibt.<\/p>\n<p><strong>4. Betroffenenrechte<\/strong><\/p>\n<p style=\"padding-left: 40px;\">Sie haben das Recht: <\/p>\n<p style=\"padding-left: 40px;\">&#8211; gem\u00e4\u00df Art. 15 DSGVO Auskunft \u00fcber Ihre von uns verarbeiteten personenbezogenen Daten zu verlangen. Insbesondere k\u00f6nnen Sie Auskunft \u00fcber die Verarbeitungszwecke, die Kategorie der personenbezogenen Daten, die Kategorien von Empf\u00e4ngern, gegen\u00fcber denen Ihre Daten offengelegt wurden oder werden, die geplante Speicherdauer, das Bestehen eines Rechts auf Berichtigung, L\u00f6schung, Einschr\u00e4nkung der Verarbeitung oder Widerspruch, das Bestehen eines Beschwerderechts, die Herkunft ihrer Daten, sofern diese nicht bei uns erhoben wurden, sowie \u00fcber das Bestehen einer automatisierten Entscheidungsfindung einschlie\u00dflich Profiling und ggf. aussagekr\u00e4ftigen Informationen zu deren Einzelheiten verlangen;<\/p>\n<p style=\"padding-left: 40px;\">&#8211; gem\u00e4\u00df Art. 16 DSGVO unverz\u00fcglich die Berichtigung unrichtiger oder Vervollst\u00e4ndigung Ihrer bei uns gespeicherten personenbezogenen Daten zu verlangen;<\/p>\n<p style=\"padding-left: 40px;\">&#8211; gem\u00e4\u00df Art. 17 DSGVO die L\u00f6schung Ihrer bei uns gespeicherten personenbezogenen Daten zu verlangen, soweit nicht die Verarbeitung zur Aus\u00fcbung des Rechts auf freie Meinungs\u00e4u\u00dferung und Information, zur Erf\u00fcllung einer rechtlichen Verpflichtung, aus Gr\u00fcnden des \u00f6ffentlichen Interesses oder zur Geltendmachung, Aus\u00fcbung oder Verteidigung von Rechtsanspr\u00fcchen erforderlich ist;<\/p>\n<p style=\"padding-left: 40px;\">&#8211; gem\u00e4\u00df Art. 18 DSGVO die Einschr\u00e4nkung der Verarbeitung Ihrer personenbezogenen Daten zu verlangen, soweit die Richtigkeit der Daten von Ihnen bestritten wird, die Verarbeitung unrechtm\u00e4\u00dfig ist, Sie aber deren L\u00f6schung ablehnen und wir die Daten nicht mehr ben\u00f6tigen, Sie jedoch diese zur Geltendmachung, Aus\u00fcbung oder Verteidigung von Rechtsanspr\u00fcchen ben\u00f6tigen oder Sie gem\u00e4\u00df Art. 21 DSGVO Widerspruch gegen die Verarbeitung eingelegt haben;<\/p>\n<p style=\"padding-left: 40px;\">&#8211; gem\u00e4\u00df Art. 20 DSGVO Ihre personenbezogenen Daten, die Sie uns bereitgestellt haben, in einem strukturierten, g\u00e4ngigen und maschinenlesebaren Format zu erhalten oder die \u00dcbermittlung an einen anderen Verantwortlichen zu verlangen;<\/p>\n<p style=\"padding-left: 40px;\">&#8211; gem\u00e4\u00df Art. 7 Abs. 3 DSGVO Ihre einmal erteilte Einwilligung jederzeit gegen\u00fcber uns zu widerrufen. Dies hat zur Folge, dass wir die Datenverarbeitung, die auf dieser Einwilligung beruhte, f\u00fcr die Zukunft nicht mehr fortf\u00fchren d\u00fcrfen;<\/p>\n<p style=\"padding-left: 40px;\">&#8211; gem\u00e4\u00df Art. 77 DSGVO sich bei einer Aufsichtsbeh\u00f6rde zu beschweren. In der Regel k\u00f6nnen Sie sich hierf\u00fcr an die Aufsichtsbeh\u00f6rde Ihres \u00fcblichen Aufenthaltsortes oder Arbeitsplatzes oder unseres Kanzleisitzes wenden;<\/p>\n<p style=\"padding-left: 40px;\">&#8211; gem\u00e4\u00df Art. 19 DSGVO, \u00fcber die Empf\u00e4nger unterrichtet zu werden, denen die Sie betreffenden personenbezogenen Daten offengelegt wurden und denen gegen\u00fcber der Verantwortliche Ihre Geltendmachung der Rechte auf Berichtigung, L\u00f6schung oder Einschr\u00e4nkung Ihrer Daten mitgeteilt hat; und<\/p>\n<p style=\"padding-left: 40px;\">&#8211; gem\u00e4\u00df Art. 22 DSGVO, nicht einer ausschlie\u00dflich auf automatisierten Entscheidung einschlie\u00dflich Profiling unterworfen zu werden, die Ihnen gegen\u00fcber rechtliche Wirkung entfaltet oder Sie \u00e4hnlich erheblich beeintr\u00e4chtigt.<\/p>\n<p><strong>5. Widerspruchsrecht<\/strong><\/p>\n<p style=\"padding-left: 40px;\">Sofern Ihre personenbezogenen Daten auf Grundlage von berechtigten Interessen gem\u00e4\u00df Art. 6 Abs. 1 S. 1 lit. f DSGVO verarbeitet werden, haben Sie das Recht, gem\u00e4\u00df Art. 21 DSGVO Widerspruch gegen die Verarbeitung Ihrer personenbezogenen Daten einzulegen, soweit daf\u00fcr Gr\u00fcnde vorliegen, die sich aus Ihrer besonderen Situation ergeben oder sich der Widerspruch gegen Direktwerbung richtet. Im letzteren Fall haben Sie ein generelles Widerspruchsrecht, das ohne Angabe einer besonderen Situation von uns umgesetzt wird. M\u00f6chten Sie von Ihrem Widerrufs- oder Widerspruchsrecht Gebrauch machen, gen\u00fcgt eine E-Mail an in&#102;&#111;&#64;&#98;&#x69;&#x74;&#x74;&#x6e;&#x65;r-&#112;&#97;&#116;&#101;&#x6e;&#x74;&#x2e;&#x65;&#x75;<\/p>\n<p><strong>6. Datensicherheit<\/strong><\/p>\n<p style=\"padding-left: 40px;\">Wir bedienen uns geeigneter technischer und organisatorischer Sicherheitsma\u00dfnahmen, um Ihre Daten gegen zuf\u00e4llige oder vors\u00e4tzliche Manipulationen, teilweisen oder vollst\u00e4ndigen Verlust, Zerst\u00f6rung oder gegen den unbefugten Zugriff Dritter zu sch\u00fctzen. Unsere Sicherheitsma\u00dfnahmen werden entsprechend der technologischen Entwicklung fortlaufend verbessert.<\/p>\n<p><strong>7. Allgemeiner Hinweis<\/strong><\/p>\n<p style=\"padding-left: 40px;\">Zu Artikel 13 Abs. 2e und 2f DSGVO erfolgen folgende Hinweise: Nur wenn wir Sie nachfolgend dar\u00fcber aufkl\u00e4ren, dass die Bereitstellung von personenbezogenen Daten gesetzlich oder vertraglich vorgeschrieben oder f\u00fcr einen Vertragsabschluss erforderlich ist und Sie als betroffene Person verpflichtet sind, die personenbezogenen Daten bereitzustellen, liegen diese Umst\u00e4nde vor. Eine automatisierte Entscheidungsfindung bzw. ein Profiling gem\u00e4\u00df Artikel 22 Abs\u00e4tze 1 und 4 erfolgt nur, wenn wir hierauf explizit hinweisen. Sofern Sie uns im Rahmen der skizzierten F\u00e4lle die Daten nicht bereitstellen, h\u00e4tte dies zur Folge, dass Sie den Dienst \/ die entsprechende Funktion nicht nutzen k\u00f6nnen bzw. Sie mit uns nicht in Kontakt treten k\u00f6nnen.<\/p>\n<p><strong>8. Aktualit\u00e4t und \u00c4nderung dieser Datenschutzerkl\u00e4rung<\/strong><\/p>\n<p style=\"padding-left: 40px;\">Diese Datenschutzerkl\u00e4rung ist aktuell g\u00fcltig und hat den Stand Mai 2018. Durch die Weiterentwicklung unserer Website und Angebote dar\u00fcber oder aufgrund ge\u00e4nderter gesetzlicher beziehungsweise beh\u00f6rdlicher Vorgaben kann es notwendig werden, diese Datenschutzerkl\u00e4rung zu \u00e4ndern. Die jeweils aktuelle Datenschutzerkl\u00e4rung kann jederzeit auf der Website unter www.bittner-patent.eu\/datenschutz von Ihnen abgerufen und ausgedruckt werden.<\/p>\n\t\t\t\t\t\t\t\t<\/div>\n\t\t\t\t<\/div>\n\t\t\t\t\t<\/div>\n\t\t<\/div>\n\t\t\t\t\t<\/div>\n\t\t<\/section>\n\t\t\t\t<\/div>\n\t\t","protected":false},"excerpt":{"rendered":"<p>Datenschutzerkl\u00e4rung 1. Verantwortlichkeit Diese Datenschutz-Information gilt f\u00fcr die Datenverarbeitung durch folgenden Verantwortlichen: Peter Bittner and Partner, European Patent Attorneys Seegarten 24 69190 Walldorf, Germany Deutschland Email: i&#110;&#102;&#x6f;&#x40;&#x62;it&#116;&#110;&#x65;&#x72;&#x2d;p&#97;&#116;&#101;&#x6e;&#x74;&#x2e;e&#117; Telefon: 06227-3983903 2. Erhebung und Speicherung personenbezogener Daten sowie Art und Zweck von deren Verwendung Beim Besuch der Website Beim Aufrufen unserer Website www.bittner-patent.eu werden durch den auf [&hellip;]<\/p>\n","protected":false},"author":1,"featured_media":0,"parent":0,"menu_order":0,"comment_status":"closed","ping_status":"closed","template":"","meta":{"ocean_post_layout":"","ocean_both_sidebars_style":"","ocean_both_sidebars_content_width":0,"ocean_both_sidebars_sidebars_width":0,"ocean_sidebar":"0","ocean_second_sidebar":"0","ocean_disable_margins":"enable","ocean_add_body_class":"","ocean_shortcode_before_top_bar":"","ocean_shortcode_after_top_bar":"","ocean_shortcode_before_header":"","ocean_shortcode_after_header":"","ocean_has_shortcode":"","ocean_shortcode_after_title":"","ocean_shortcode_before_footer_widgets":"","ocean_shortcode_after_footer_widgets":"","ocean_shortcode_before_footer_bottom":"","ocean_shortcode_after_footer_bottom":"","ocean_display_top_bar":"default","ocean_display_header":"default","ocean_header_style":"","ocean_center_header_left_menu":"0","ocean_custom_header_template":"0","ocean_custom_logo":0,"ocean_custom_retina_logo":0,"ocean_custom_logo_max_width":0,"ocean_custom_logo_tablet_max_width":0,"ocean_custom_logo_mobile_max_width":0,"ocean_custom_logo_max_height":0,"ocean_custom_logo_tablet_max_height":0,"ocean_custom_logo_mobile_max_height":0,"ocean_header_custom_menu":"0","ocean_menu_typo_font_family":"0","ocean_menu_typo_font_subset":"","ocean_menu_typo_font_size":0,"ocean_menu_typo_font_size_tablet":0,"ocean_menu_typo_font_size_mobile":0,"ocean_menu_typo_font_size_unit":"px","ocean_menu_typo_font_weight":"","ocean_menu_typo_font_weight_tablet":"","ocean_menu_typo_font_weight_mobile":"","ocean_menu_typo_transform":"","ocean_menu_typo_transform_tablet":"","ocean_menu_typo_transform_mobile":"","ocean_menu_typo_line_height":0,"ocean_menu_typo_line_height_tablet":0,"ocean_menu_typo_line_height_mobile":0,"ocean_menu_typo_line_height_unit":"","ocean_menu_typo_spacing":0,"ocean_menu_typo_spacing_tablet":0,"ocean_menu_typo_spacing_mobile":0,"ocean_menu_typo_spacing_unit":"","ocean_menu_link_color":"","ocean_menu_link_color_hover":"","ocean_menu_link_color_active":"","ocean_menu_link_background":"","ocean_menu_link_hover_background":"","ocean_menu_link_active_background":"","ocean_menu_social_links_bg":"","ocean_menu_social_hover_links_bg":"","ocean_menu_social_links_color":"","ocean_menu_social_hover_links_color":"","ocean_disable_title":"enable","ocean_disable_heading":"on","ocean_post_title":"","ocean_post_subheading":"","ocean_post_title_style":"","ocean_post_title_background_color":"","ocean_post_title_background":0,"ocean_post_title_bg_image_position":"","ocean_post_title_bg_image_attachment":"","ocean_post_title_bg_image_repeat":"","ocean_post_title_bg_image_size":"","ocean_post_title_height":0,"ocean_post_title_bg_overlay":0.5,"ocean_post_title_bg_overlay_color":"","ocean_disable_breadcrumbs":"off","ocean_breadcrumbs_color":"","ocean_breadcrumbs_separator_color":"","ocean_breadcrumbs_links_color":"","ocean_breadcrumbs_links_hover_color":"","ocean_display_footer_widgets":"default","ocean_display_footer_bottom":"default","ocean_custom_footer_template":"0","ofc_enable_fullscreen":"disable","ofc_fullscreen_speed":0,"ofc_fullscreen_nav":"enable","ofc_fullscreen_nav_pos":"right","ofc_fullscreen_nav_color":"","ofc_fullscreen_nav_tooltip_color":"","ofc_fullscreen_responsive":0,"osp_disable_panel":"default","footnotes":""},"class_list":["post-1283","page","type-page","status-publish","hentry","entry"],"yoast_head":"<!-- This site is optimized with the Yoast SEO plugin v27.3 - https:\/\/yoast.com\/product\/yoast-seo-wordpress\/ -->\n<title>Privacy protection - PATIT - PATents for IT<\/title>\n<meta name=\"robots\" content=\"index, follow, max-snippet:-1, max-image-preview:large, max-video-preview:-1\" \/>\n<link rel=\"canonical\" href=\"https:\/\/bittner-patent.eu\/en\/datenschutz\/\" \/>\n<meta property=\"og:locale\" content=\"en_US\" \/>\n<meta property=\"og:type\" content=\"article\" \/>\n<meta property=\"og:title\" content=\"Privacy protection - PATIT - PATents for IT\" \/>\n<meta property=\"og:description\" content=\"Datenschutzerkl\u00e4rung 1. Verantwortlichkeit Diese Datenschutz-Information gilt f\u00fcr die Datenverarbeitung durch folgenden Verantwortlichen: Peter Bittner and Partner, European Patent Attorneys Seegarten 24 69190 Walldorf, Germany Deutschland Email: &#x69;&#110;&#x66;&#x6f;&#064;&#x62;&#105;t&#x74;&#110;e&#x72;&#045;&#x70;&#x61;t&#x65;&#110;t&#x2e;&#101;u Telefon: 06227-3983903 2. Erhebung und Speicherung personenbezogener Daten sowie Art und Zweck von deren Verwendung Beim Besuch der Website Beim Aufrufen unserer Website www.bittner-patent.eu werden durch den auf [&hellip;]\" \/>\n<meta property=\"og:url\" content=\"https:\/\/bittner-patent.eu\/en\/datenschutz\/\" \/>\n<meta property=\"og:site_name\" content=\"PATIT - PATents for IT\" \/>\n<meta property=\"article:modified_time\" content=\"2019-06-09T14:28:00+00:00\" \/>\n<meta name=\"twitter:card\" content=\"summary_large_image\" \/>\n<meta name=\"twitter:label1\" content=\"Est. reading time\" \/>\n\t<meta name=\"twitter:data1\" content=\"6 minutes\" \/>\n<script type=\"application\/ld+json\" class=\"yoast-schema-graph\">{\"@context\":\"https:\\\/\\\/schema.org\",\"@graph\":[{\"@type\":\"WebPage\",\"@id\":\"https:\\\/\\\/bittner-patent.eu\\\/en\\\/datenschutz\\\/\",\"url\":\"https:\\\/\\\/bittner-patent.eu\\\/en\\\/datenschutz\\\/\",\"name\":\"Privacy protection - PATIT - PATents for IT\",\"isPartOf\":{\"@id\":\"https:\\\/\\\/bittner-patent.eu\\\/en\\\/#website\"},\"datePublished\":\"2018-09-05T18:15:31+00:00\",\"dateModified\":\"2019-06-09T14:28:00+00:00\",\"breadcrumb\":{\"@id\":\"https:\\\/\\\/bittner-patent.eu\\\/en\\\/datenschutz\\\/#breadcrumb\"},\"inLanguage\":\"en-US\",\"potentialAction\":[{\"@type\":\"ReadAction\",\"target\":[\"https:\\\/\\\/bittner-patent.eu\\\/en\\\/datenschutz\\\/\"]}]},{\"@type\":\"BreadcrumbList\",\"@id\":\"https:\\\/\\\/bittner-patent.eu\\\/en\\\/datenschutz\\\/#breadcrumb\",\"itemListElement\":[{\"@type\":\"ListItem\",\"position\":1,\"name\":\"Startseite\",\"item\":\"https:\\\/\\\/bittner-patent.eu\\\/en\\\/\"},{\"@type\":\"ListItem\",\"position\":2,\"name\":\"Privacy protection\"}]},{\"@type\":\"WebSite\",\"@id\":\"https:\\\/\\\/bittner-patent.eu\\\/en\\\/#website\",\"url\":\"https:\\\/\\\/bittner-patent.eu\\\/en\\\/\",\"name\":\"PATIT - PATents for IT\",\"description\":\"Peter Bittner und Partner, European Patent Attorneys\",\"publisher\":{\"@id\":\"https:\\\/\\\/bittner-patent.eu\\\/en\\\/#organization\"},\"potentialAction\":[{\"@type\":\"SearchAction\",\"target\":{\"@type\":\"EntryPoint\",\"urlTemplate\":\"https:\\\/\\\/bittner-patent.eu\\\/en\\\/?s={search_term_string}\"},\"query-input\":{\"@type\":\"PropertyValueSpecification\",\"valueRequired\":true,\"valueName\":\"search_term_string\"}}],\"inLanguage\":\"en-US\"},{\"@type\":\"Organization\",\"@id\":\"https:\\\/\\\/bittner-patent.eu\\\/en\\\/#organization\",\"name\":\"Peter Bittner und Partner\",\"url\":\"https:\\\/\\\/bittner-patent.eu\\\/en\\\/\",\"logo\":{\"@type\":\"ImageObject\",\"inLanguage\":\"en-US\",\"@id\":\"https:\\\/\\\/bittner-patent.eu\\\/en\\\/#\\\/schema\\\/logo\\\/image\\\/\",\"url\":\"https:\\\/\\\/bittner-patent.eu\\\/wp-content\\\/uploads\\\/2019\\\/06\\\/Logo-PATIT.svg\",\"contentUrl\":\"https:\\\/\\\/bittner-patent.eu\\\/wp-content\\\/uploads\\\/2019\\\/06\\\/Logo-PATIT.svg\",\"width\":1,\"height\":1,\"caption\":\"Peter Bittner und Partner\"},\"image\":{\"@id\":\"https:\\\/\\\/bittner-patent.eu\\\/en\\\/#\\\/schema\\\/logo\\\/image\\\/\"},\"sameAs\":[\"https:\\\/\\\/de.linkedin.com\\\/in\\\/peter-bittner-1893b214\"]}]}<\/script>\n<!-- \/ Yoast SEO plugin. -->","yoast_head_json":{"title":"Privacy protection - PATIT - PATents for IT","robots":{"index":"index","follow":"follow","max-snippet":"max-snippet:-1","max-image-preview":"max-image-preview:large","max-video-preview":"max-video-preview:-1"},"canonical":"https:\/\/bittner-patent.eu\/en\/datenschutz\/","og_locale":"en_US","og_type":"article","og_title":"Privacy protection - PATIT - PATents for IT","og_description":"Datenschutzerkl\u00e4rung 1. Verantwortlichkeit Diese Datenschutz-Information gilt f\u00fcr die Datenverarbeitung durch folgenden Verantwortlichen: Peter Bittner and Partner, European Patent Attorneys Seegarten 24 69190 Walldorf, Germany Deutschland Email: info&#64;&#98;&#105;&#116;&#116;&#x6e;&#x65;&#x72;&#x2d;&#x70;&#x61;&#x74;ent&#46;&#101;&#117; Telefon: 06227-3983903 2. Erhebung und Speicherung personenbezogener Daten sowie Art und Zweck von deren Verwendung Beim Besuch der Website Beim Aufrufen unserer Website www.bittner-patent.eu werden durch den auf [&hellip;]","og_url":"https:\/\/bittner-patent.eu\/en\/datenschutz\/","og_site_name":"PATIT - PATents for IT","article_modified_time":"2019-06-09T14:28:00+00:00","twitter_card":"summary_large_image","twitter_misc":{"Est. reading time":"6 minutes"},"schema":{"@context":"https:\/\/schema.org","@graph":[{"@type":"WebPage","@id":"https:\/\/bittner-patent.eu\/en\/datenschutz\/","url":"https:\/\/bittner-patent.eu\/en\/datenschutz\/","name":"Privacy protection - PATIT - PATents for IT","isPartOf":{"@id":"https:\/\/bittner-patent.eu\/en\/#website"},"datePublished":"2018-09-05T18:15:31+00:00","dateModified":"2019-06-09T14:28:00+00:00","breadcrumb":{"@id":"https:\/\/bittner-patent.eu\/en\/datenschutz\/#breadcrumb"},"inLanguage":"en-US","potentialAction":[{"@type":"ReadAction","target":["https:\/\/bittner-patent.eu\/en\/datenschutz\/"]}]},{"@type":"BreadcrumbList","@id":"https:\/\/bittner-patent.eu\/en\/datenschutz\/#breadcrumb","itemListElement":[{"@type":"ListItem","position":1,"name":"Startseite","item":"https:\/\/bittner-patent.eu\/en\/"},{"@type":"ListItem","position":2,"name":"Privacy protection"}]},{"@type":"WebSite","@id":"https:\/\/bittner-patent.eu\/en\/#website","url":"https:\/\/bittner-patent.eu\/en\/","name":"PATIT - PATents for IT","description":"Peter Bittner und Partner, European Patent Attorneys","publisher":{"@id":"https:\/\/bittner-patent.eu\/en\/#organization"},"potentialAction":[{"@type":"SearchAction","target":{"@type":"EntryPoint","urlTemplate":"https:\/\/bittner-patent.eu\/en\/?s={search_term_string}"},"query-input":{"@type":"PropertyValueSpecification","valueRequired":true,"valueName":"search_term_string"}}],"inLanguage":"en-US"},{"@type":"Organization","@id":"https:\/\/bittner-patent.eu\/en\/#organization","name":"Peter Bittner und Partner","url":"https:\/\/bittner-patent.eu\/en\/","logo":{"@type":"ImageObject","inLanguage":"en-US","@id":"https:\/\/bittner-patent.eu\/en\/#\/schema\/logo\/image\/","url":"https:\/\/bittner-patent.eu\/wp-content\/uploads\/2019\/06\/Logo-PATIT.svg","contentUrl":"https:\/\/bittner-patent.eu\/wp-content\/uploads\/2019\/06\/Logo-PATIT.svg","width":1,"height":1,"caption":"Peter Bittner und Partner"},"image":{"@id":"https:\/\/bittner-patent.eu\/en\/#\/schema\/logo\/image\/"},"sameAs":["https:\/\/de.linkedin.com\/in\/peter-bittner-1893b214"]}]}},"_links":{"self":[{"href":"https:\/\/bittner-patent.eu\/en\/wp-json\/wp\/v2\/pages\/1283","targetHints":{"allow":["GET"]}}],"collection":[{"href":"https:\/\/bittner-patent.eu\/en\/wp-json\/wp\/v2\/pages"}],"about":[{"href":"https:\/\/bittner-patent.eu\/en\/wp-json\/wp\/v2\/types\/page"}],"author":[{"embeddable":true,"href":"https:\/\/bittner-patent.eu\/en\/wp-json\/wp\/v2\/users\/1"}],"replies":[{"embeddable":true,"href":"https:\/\/bittner-patent.eu\/en\/wp-json\/wp\/v2\/comments?post=1283"}],"version-history":[{"count":2,"href":"https:\/\/bittner-patent.eu\/en\/wp-json\/wp\/v2\/pages\/1283\/revisions"}],"predecessor-version":[{"id":1478,"href":"https:\/\/bittner-patent.eu\/en\/wp-json\/wp\/v2\/pages\/1283\/revisions\/1478"}],"wp:attachment":[{"href":"https:\/\/bittner-patent.eu\/en\/wp-json\/wp\/v2\/media?parent=1283"}],"curies":[{"name":"wp","href":"https:\/\/api.w.org\/{rel}","templated":true}]}}